{"id":1208,"date":"2025-12-15T11:59:00","date_gmt":"2025-12-15T16:59:00","guid":{"rendered":"https:\/\/magicspavalle.com\/?page_id=1208"},"modified":"2025-12-15T12:28:07","modified_gmt":"2025-12-15T17:28:07","slug":"nosostros","status":"publish","type":"page","link":"https:\/\/magicspavalle.com\/index.php\/nosostros\/","title":{"rendered":"Nosostros"},"content":{"rendered":"\t\t<div data-elementor-type=\"wp-page\" data-elementor-id=\"1208\" class=\"elementor elementor-1208\" data-elementor-post-type=\"page\">\n\t\t\t\t<div data-particle_enable=\"false\" data-particle-mobile-disabled=\"false\" class=\"elementor-element elementor-element-1f21c9e e-con-full elementor-hidden-tablet elementor-hidden-mobile e-flex e-con e-parent\" data-id=\"1f21c9e\" data-element_type=\"container\">\n\t\t\t\t<div class=\"elementor-element elementor-element-e0771bb elementor-absolute elementor-hidden-desktop elementor-hidden-tablet elementor-widget elementor-widget-text-editor\" data-id=\"e0771bb\" data-element_type=\"widget\" data-settings=\"{&quot;_position&quot;:&quot;absolute&quot;}\" data-widget_type=\"text-editor.default\">\n\t\t\t\t\t\t\t\t\t<h1>Detr\u00e1s de Magic Spa<\/h1>\t\t\t\t\t\t\t\t<\/div>\n\t\t\t\t<div class=\"elementor-element elementor-element-4a43d99 elementor-absolute elementor-hidden-tablet elementor-hidden-mobile elementor-widget elementor-widget-text-editor\" data-id=\"4a43d99\" data-element_type=\"widget\" data-settings=\"{&quot;_position&quot;:&quot;absolute&quot;}\" data-widget_type=\"text-editor.default\">\n\t\t\t\t\t\t\t\t\t<h1>Detr\u00e1s de Magic Spa<\/h1>\t\t\t\t\t\t\t\t<\/div>\n\t\t\t\t<div class=\"elementor-element elementor-element-fa2e75c elementor-widget__width-inherit elementor-widget elementor-widget-image\" data-id=\"fa2e75c\" data-element_type=\"widget\" data-widget_type=\"image.default\">\n\t\t\t\t\t\t\t\t\t\t\t\t\t\t\t<img fetchpriority=\"high\" decoding=\"async\" width=\"1365\" height=\"768\" src=\"https:\/\/magicspavalle.com\/wp-content\/uploads\/2025\/12\/Image_fx-16.jpg\" class=\"attachment-full size-full wp-image-1211\" alt=\"\" srcset=\"https:\/\/magicspavalle.com\/wp-content\/uploads\/2025\/12\/Image_fx-16.jpg 1365w, https:\/\/magicspavalle.com\/wp-content\/uploads\/2025\/12\/Image_fx-16-500x281.jpg 500w, https:\/\/magicspavalle.com\/wp-content\/uploads\/2025\/12\/Image_fx-16-1200x675.jpg 1200w, https:\/\/magicspavalle.com\/wp-content\/uploads\/2025\/12\/Image_fx-16-300x169.jpg 300w, https:\/\/magicspavalle.com\/wp-content\/uploads\/2025\/12\/Image_fx-16-768x432.jpg 768w, https:\/\/magicspavalle.com\/wp-content\/uploads\/2025\/12\/Image_fx-16-600x338.jpg 600w\" sizes=\"(max-width: 1365px) 100vw, 1365px\" \/>\t\t\t\t\t\t\t\t\t\t\t\t\t\t\t<\/div>\n\t\t\t\t<\/div>\n\t\t<div data-particle_enable=\"false\" data-particle-mobile-disabled=\"false\" class=\"elementor-element elementor-element-8ec3bc0 e-con-full elementor-hidden-desktop elementor-hidden-tablet e-flex e-con e-parent\" data-id=\"8ec3bc0\" data-element_type=\"container\">\n\t\t\t\t<div class=\"elementor-element elementor-element-f36e3d9 elementor-absolute elementor-widget elementor-widget-text-editor\" data-id=\"f36e3d9\" data-element_type=\"widget\" data-settings=\"{&quot;_position&quot;:&quot;absolute&quot;}\" data-widget_type=\"text-editor.default\">\n\t\t\t\t\t\t\t\t\t<h1>Detr\u00e1s de Magic Spa<\/h1>\t\t\t\t\t\t\t\t<\/div>\n\t\t\t\t<div class=\"elementor-element elementor-element-95ae440 elementor-absolute elementor-hidden-desktop elementor-hidden-tablet elementor-widget elementor-widget-text-editor\" data-id=\"95ae440\" data-element_type=\"widget\" data-settings=\"{&quot;_position&quot;:&quot;absolute&quot;}\" data-widget_type=\"text-editor.default\">\n\t\t\t\t\t\t\t\t\t<h1>Detr\u00e1s de Magic Spa<\/h1>\t\t\t\t\t\t\t\t<\/div>\n\t\t\t\t<div class=\"elementor-element elementor-element-6ed4602 elementor-widget__width-inherit elementor-widget elementor-widget-image\" data-id=\"6ed4602\" data-element_type=\"widget\" data-widget_type=\"image.default\">\n\t\t\t\t\t\t\t\t\t\t\t\t\t\t\t<img decoding=\"async\" width=\"768\" height=\"1365\" src=\"https:\/\/magicspavalle.com\/wp-content\/uploads\/2025\/12\/Image_fx-24.jpg\" class=\"attachment-2048x2048 size-2048x2048 wp-image-1230\" alt=\"\" srcset=\"https:\/\/magicspavalle.com\/wp-content\/uploads\/2025\/12\/Image_fx-24.jpg 768w, https:\/\/magicspavalle.com\/wp-content\/uploads\/2025\/12\/Image_fx-24-281x500.jpg 281w, https:\/\/magicspavalle.com\/wp-content\/uploads\/2025\/12\/Image_fx-24-675x1200.jpg 675w, https:\/\/magicspavalle.com\/wp-content\/uploads\/2025\/12\/Image_fx-24-169x300.jpg 169w, https:\/\/magicspavalle.com\/wp-content\/uploads\/2025\/12\/Image_fx-24-600x1066.jpg 600w\" sizes=\"(max-width: 768px) 100vw, 768px\" \/>\t\t\t\t\t\t\t\t\t\t\t\t\t\t\t<\/div>\n\t\t\t\t<\/div>\n\t\t<div data-particle_enable=\"false\" data-particle-mobile-disabled=\"false\" class=\"elementor-element elementor-element-f2d5493 e-flex e-con-boxed e-con e-parent\" data-id=\"f2d5493\" data-element_type=\"container\">\n\t\t\t\t\t<div class=\"e-con-inner\">\n\t\t<div data-particle_enable=\"false\" data-particle-mobile-disabled=\"false\" class=\"elementor-element elementor-element-9113128 e-con-full e-flex e-con e-child\" data-id=\"9113128\" data-element_type=\"container\">\n\t\t\t\t<div class=\"elementor-element elementor-element-ae45333 elementor-widget elementor-widget-heading\" data-id=\"ae45333\" data-element_type=\"widget\" data-widget_type=\"heading.default\">\n\t\t\t\t\t<h2 class=\"elementor-heading-title elementor-size-default\">Sobre Nicole Cordero<\/h2>\t\t\t\t<\/div>\n\t\t\t\t<div class=\"elementor-element elementor-element-a525c65 elementor-widget elementor-widget-text-editor\" data-id=\"a525c65\" data-element_type=\"widget\" data-widget_type=\"text-editor.default\">\n\t\t\t\t\t\t\t\t\t<p data-start=\"123\" data-end=\"407\"><strong data-start=\"123\" data-end=\"133\">Nicole<\/strong> es la fundadora y alma de <strong data-start=\"160\" data-end=\"173\">Magic Spa<\/strong>, apasionada por el cuidado de la piel y el bienestar integral. Con a\u00f1os de experiencia en est\u00e9tica y terapias de relajaci\u00f3n, su objetivo es crear un espacio donde cada persona se sienta cuidada, renovada y en armon\u00eda consigo misma.<\/p><p data-start=\"409\" data-end=\"673\">Su filosof\u00eda se basa en la atenci\u00f3n personalizada, el uso de productos de alta calidad y la creaci\u00f3n de experiencias que combinan relajaci\u00f3n, belleza y bienestar. Para Nicole, cada tratamiento es m\u00e1s que un servicio: es un momento de conexi\u00f3n y cuidado personal.<\/p>\t\t\t\t\t\t\t\t<\/div>\n\t\t\t\t<\/div>\n\t\t<div data-particle_enable=\"false\" data-particle-mobile-disabled=\"false\" class=\"elementor-element elementor-element-1597fe6 e-con-full e-flex e-con e-child\" data-id=\"1597fe6\" data-element_type=\"container\">\n\t\t\t\t<div class=\"elementor-element elementor-element-4b19bab elementor-widget elementor-widget-image\" data-id=\"4b19bab\" data-element_type=\"widget\" data-widget_type=\"image.default\">\n\t\t\t\t\t\t\t\t\t\t\t\t\t\t\t<img decoding=\"async\" width=\"800\" height=\"800\" src=\"https:\/\/magicspavalle.com\/wp-content\/uploads\/2025\/12\/Nicole.png\" class=\"attachment-large size-large wp-image-1214\" alt=\"\" srcset=\"https:\/\/magicspavalle.com\/wp-content\/uploads\/2025\/12\/Nicole.png 907w, https:\/\/magicspavalle.com\/wp-content\/uploads\/2025\/12\/Nicole-500x500.png 500w, https:\/\/magicspavalle.com\/wp-content\/uploads\/2025\/12\/Nicole-300x300.png 300w, https:\/\/magicspavalle.com\/wp-content\/uploads\/2025\/12\/Nicole-768x768.png 768w, https:\/\/magicspavalle.com\/wp-content\/uploads\/2025\/12\/Nicole-600x600.png 600w, https:\/\/magicspavalle.com\/wp-content\/uploads\/2025\/12\/Nicole-100x100.png 100w\" sizes=\"(max-width: 800px) 100vw, 800px\" \/>\t\t\t\t\t\t\t\t\t\t\t\t\t\t\t<\/div>\n\t\t\t\t<\/div>\n\t\t\t\t\t<\/div>\n\t\t\t\t<\/div>\n\t\t<div data-particle_enable=\"false\" data-particle-mobile-disabled=\"false\" class=\"elementor-element elementor-element-09be032 e-flex e-con-boxed e-con e-parent\" data-id=\"09be032\" data-element_type=\"container\">\n\t\t\t\t\t<div class=\"e-con-inner\">\n\t\t<div data-particle_enable=\"false\" data-particle-mobile-disabled=\"false\" class=\"elementor-element elementor-element-18f8ba7 e-con-full e-flex e-con e-child\" data-id=\"18f8ba7\" data-element_type=\"container\">\n\t\t\t\t<div class=\"elementor-element elementor-element-f09824d elementor-widget elementor-widget-image\" data-id=\"f09824d\" data-element_type=\"widget\" data-widget_type=\"image.default\">\n\t\t\t\t\t\t\t\t\t\t\t\t\t\t\t<img loading=\"lazy\" decoding=\"async\" width=\"800\" height=\"800\" src=\"https:\/\/magicspavalle.com\/wp-content\/uploads\/2025\/12\/Image_fx-18.jpg\" class=\"attachment-large size-large wp-image-1216\" alt=\"\" srcset=\"https:\/\/magicspavalle.com\/wp-content\/uploads\/2025\/12\/Image_fx-18.jpg 1024w, https:\/\/magicspavalle.com\/wp-content\/uploads\/2025\/12\/Image_fx-18-500x500.jpg 500w, https:\/\/magicspavalle.com\/wp-content\/uploads\/2025\/12\/Image_fx-18-300x300.jpg 300w, https:\/\/magicspavalle.com\/wp-content\/uploads\/2025\/12\/Image_fx-18-768x768.jpg 768w, https:\/\/magicspavalle.com\/wp-content\/uploads\/2025\/12\/Image_fx-18-600x600.jpg 600w, https:\/\/magicspavalle.com\/wp-content\/uploads\/2025\/12\/Image_fx-18-100x100.jpg 100w\" sizes=\"(max-width: 800px) 100vw, 800px\" \/>\t\t\t\t\t\t\t\t\t\t\t\t\t\t\t<\/div>\n\t\t\t\t<\/div>\n\t\t\t\t<div class=\"elementor-element elementor-element-60d1b18 elementor-widget__width-initial elementor-hidden-tablet elementor-hidden-mobile elementor-widget elementor-widget-text-editor\" data-id=\"60d1b18\" data-element_type=\"widget\" data-widget_type=\"text-editor.default\">\n\t\t\t\t\t\t\t\t\t<p>En <strong data-start=\"180\" data-end=\"193\">Magic Spa<\/strong> nos dedicamos a cuidar tu piel, tu cuerpo y tu bienestar, brindando experiencias \u00fanicas de relajaci\u00f3n y renovaci\u00f3n. Nuestro compromiso es crear un espacio donde cada visita se convierta en un momento especial para ti.<\/p>\t\t\t\t\t\t\t\t<\/div>\n\t\t\t\t<div class=\"elementor-element elementor-element-a60e280 elementor-widget__width-initial elementor-absolute elementor-hidden-desktop elementor-hidden-tablet elementor-widget elementor-widget-text-editor\" data-id=\"a60e280\" data-element_type=\"widget\" data-settings=\"{&quot;_position&quot;:&quot;absolute&quot;}\" data-widget_type=\"text-editor.default\">\n\t\t\t\t\t\t\t\t\t<p>En <strong data-start=\"180\" data-end=\"193\">Magic Spa<\/strong> nos dedicamos a cuidar tu piel, tu cuerpo y tu bienestar, brindando experiencias \u00fanicas de relajaci\u00f3n y renovaci\u00f3n. Nuestro compromiso es crear un espacio donde cada visita se convierta en un momento especial para ti.<\/p>\t\t\t\t\t\t\t\t<\/div>\n\t\t<div data-particle_enable=\"false\" data-particle-mobile-disabled=\"false\" class=\"elementor-element elementor-element-13a8755 e-con-full e-flex e-con e-child\" data-id=\"13a8755\" data-element_type=\"container\">\n\t\t\t\t<div class=\"elementor-element elementor-element-22416ae elementor-widget elementor-widget-image\" data-id=\"22416ae\" data-element_type=\"widget\" data-widget_type=\"image.default\">\n\t\t\t\t\t\t\t\t\t\t\t\t\t\t\t<img loading=\"lazy\" decoding=\"async\" width=\"800\" height=\"800\" src=\"https:\/\/magicspavalle.com\/wp-content\/uploads\/2025\/12\/Image_fx-17.jpg\" class=\"attachment-large size-large wp-image-1215\" alt=\"\" srcset=\"https:\/\/magicspavalle.com\/wp-content\/uploads\/2025\/12\/Image_fx-17.jpg 1024w, https:\/\/magicspavalle.com\/wp-content\/uploads\/2025\/12\/Image_fx-17-500x500.jpg 500w, https:\/\/magicspavalle.com\/wp-content\/uploads\/2025\/12\/Image_fx-17-300x300.jpg 300w, https:\/\/magicspavalle.com\/wp-content\/uploads\/2025\/12\/Image_fx-17-768x768.jpg 768w, https:\/\/magicspavalle.com\/wp-content\/uploads\/2025\/12\/Image_fx-17-600x600.jpg 600w, https:\/\/magicspavalle.com\/wp-content\/uploads\/2025\/12\/Image_fx-17-100x100.jpg 100w\" sizes=\"(max-width: 800px) 100vw, 800px\" \/>\t\t\t\t\t\t\t\t\t\t\t\t\t\t\t<\/div>\n\t\t\t\t<\/div>\n\t\t\t\t\t<\/div>\n\t\t\t\t<\/div>\n\t\t<div data-particle_enable=\"false\" data-particle-mobile-disabled=\"false\" class=\"elementor-element elementor-element-9b42b8f e-flex e-con-boxed e-con e-parent\" data-id=\"9b42b8f\" data-element_type=\"container\">\n\t\t\t\t\t<div class=\"e-con-inner\">\n\t\t<div data-particle_enable=\"false\" data-particle-mobile-disabled=\"false\" class=\"elementor-element elementor-element-710aa95 e-con-full e-flex e-con e-child\" data-id=\"710aa95\" data-element_type=\"container\">\n\t\t\t\t<div class=\"elementor-element elementor-element-c7984d4 elementor-widget elementor-widget-image\" data-id=\"c7984d4\" data-element_type=\"widget\" data-widget_type=\"image.default\">\n\t\t\t\t\t\t\t\t\t\t\t\t\t\t\t<img loading=\"lazy\" decoding=\"async\" width=\"800\" height=\"450\" src=\"https:\/\/magicspavalle.com\/wp-content\/uploads\/2025\/12\/Image_fx-19-1200x675.jpg\" class=\"attachment-large size-large wp-image-1222\" alt=\"\" srcset=\"https:\/\/magicspavalle.com\/wp-content\/uploads\/2025\/12\/Image_fx-19-1200x675.jpg 1200w, https:\/\/magicspavalle.com\/wp-content\/uploads\/2025\/12\/Image_fx-19-500x281.jpg 500w, https:\/\/magicspavalle.com\/wp-content\/uploads\/2025\/12\/Image_fx-19-300x169.jpg 300w, https:\/\/magicspavalle.com\/wp-content\/uploads\/2025\/12\/Image_fx-19-768x432.jpg 768w, https:\/\/magicspavalle.com\/wp-content\/uploads\/2025\/12\/Image_fx-19-600x338.jpg 600w, https:\/\/magicspavalle.com\/wp-content\/uploads\/2025\/12\/Image_fx-19.jpg 1365w\" sizes=\"(max-width: 800px) 100vw, 800px\" \/>\t\t\t\t\t\t\t\t\t\t\t\t\t\t\t<\/div>\n\t\t\t\t<\/div>\n\t\t<div data-particle_enable=\"false\" data-particle-mobile-disabled=\"false\" class=\"elementor-element elementor-element-0d5ece2 e-con-full e-flex e-con e-child\" data-id=\"0d5ece2\" data-element_type=\"container\">\n\t\t\t\t<div class=\"elementor-element elementor-element-5773ab0 elementor-widget elementor-widget-heading\" data-id=\"5773ab0\" data-element_type=\"widget\" data-widget_type=\"heading.default\">\n\t\t\t\t\t<h2 class=\"elementor-heading-title elementor-size-default\">Misi\u00f3n<\/h2>\t\t\t\t<\/div>\n\t\t\t\t<div class=\"elementor-element elementor-element-12e3236 elementor-widget elementor-widget-text-editor\" data-id=\"12e3236\" data-element_type=\"widget\" data-widget_type=\"text-editor.default\">\n\t\t\t\t\t\t\t\t\t<p data-start=\"429\" data-end=\"606\">En <strong data-start=\"149\" data-end=\"162\">Magic Spa<\/strong>, nuestra misi\u00f3n es brindar experiencias integrales de bienestar y cuidado de la piel, combinando t\u00e9cnicas profesionales, productos de alta calidad y atenci\u00f3n personalizada. Nos dedicamos a ayudar a cada persona a sentirse renovada, relajada y en equilibrio, promoviendo la salud f\u00edsica, emocional y est\u00e9tica en un entorno acogedor y armonioso. Buscamos que cada visita sea un momento de conexi\u00f3n consigo mismo, donde la relajaci\u00f3n y la belleza se unen para potenciar la confianza y el bienestar personal.<\/p><h3 data-start=\"608\" data-end=\"618\">\u00a0<\/h3>\t\t\t\t\t\t\t\t<\/div>\n\t\t\t\t<\/div>\n\t\t\t\t\t<\/div>\n\t\t\t\t<\/div>\n\t\t<div data-particle_enable=\"false\" data-particle-mobile-disabled=\"false\" class=\"elementor-element elementor-element-1209b63 e-flex e-con-boxed e-con e-parent\" data-id=\"1209b63\" data-element_type=\"container\">\n\t\t\t\t\t<div class=\"e-con-inner\">\n\t\t<div data-particle_enable=\"false\" data-particle-mobile-disabled=\"false\" class=\"elementor-element elementor-element-5fba60b e-con-full e-flex e-con e-child\" data-id=\"5fba60b\" data-element_type=\"container\">\n\t\t\t\t<div class=\"elementor-element elementor-element-1f95830 elementor-widget elementor-widget-heading\" data-id=\"1f95830\" data-element_type=\"widget\" data-widget_type=\"heading.default\">\n\t\t\t\t\t<h2 class=\"elementor-heading-title elementor-size-default\">Visi\u00f3n<\/h2>\t\t\t\t<\/div>\n\t\t\t\t<div class=\"elementor-element elementor-element-f9596f6 elementor-widget elementor-widget-text-editor\" data-id=\"f9596f6\" data-element_type=\"widget\" data-widget_type=\"text-editor.default\">\n\t\t\t\t\t\t\t\t\t<p data-start=\"682\" data-end=\"1136\">Nuestra visi\u00f3n es convertirnos en un referente l\u00edder en bienestar y cuidado de la piel a nivel regional, reconocidos por la excelencia de nuestros servicios y la innovaci\u00f3n constante en tratamientos. Aspiramos a crear un spa donde cada cliente encuentre un refugio de tranquilidad y renovaci\u00f3n, donde la combinaci\u00f3n de profesionalismo, calidez y creatividad transforme la rutina diaria en experiencias memorables de cuidado personal y armon\u00eda integral.<\/p><h3 data-start=\"608\" data-end=\"618\">\u00a0<\/h3>\t\t\t\t\t\t\t\t<\/div>\n\t\t\t\t<\/div>\n\t\t<div data-particle_enable=\"false\" data-particle-mobile-disabled=\"false\" class=\"elementor-element elementor-element-516ae18 e-con-full e-flex e-con e-child\" data-id=\"516ae18\" data-element_type=\"container\">\n\t\t\t\t<div class=\"elementor-element elementor-element-cbb3f70 elementor-widget elementor-widget-image\" data-id=\"cbb3f70\" data-element_type=\"widget\" data-widget_type=\"image.default\">\n\t\t\t\t\t\t\t\t\t\t\t\t\t\t\t<img loading=\"lazy\" decoding=\"async\" width=\"800\" height=\"450\" src=\"https:\/\/magicspavalle.com\/wp-content\/uploads\/2025\/12\/Image_fx-20-1200x675.jpg\" class=\"attachment-large size-large wp-image-1223\" alt=\"\" srcset=\"https:\/\/magicspavalle.com\/wp-content\/uploads\/2025\/12\/Image_fx-20-1200x675.jpg 1200w, https:\/\/magicspavalle.com\/wp-content\/uploads\/2025\/12\/Image_fx-20-500x281.jpg 500w, https:\/\/magicspavalle.com\/wp-content\/uploads\/2025\/12\/Image_fx-20-300x169.jpg 300w, https:\/\/magicspavalle.com\/wp-content\/uploads\/2025\/12\/Image_fx-20-768x432.jpg 768w, https:\/\/magicspavalle.com\/wp-content\/uploads\/2025\/12\/Image_fx-20-600x338.jpg 600w, https:\/\/magicspavalle.com\/wp-content\/uploads\/2025\/12\/Image_fx-20.jpg 1365w\" sizes=\"(max-width: 800px) 100vw, 800px\" \/>\t\t\t\t\t\t\t\t\t\t\t\t\t\t\t<\/div>\n\t\t\t\t<\/div>\n\t\t\t\t\t<\/div>\n\t\t\t\t<\/div>\n\t\t\t\t<\/div>\n\t\t","protected":false},"excerpt":{"rendered":"<p>Detr\u00e1s de Magic Spa Detr\u00e1s de Magic Spa Detr\u00e1s de Magic Spa Detr\u00e1s de Magic Spa Sobre Nicole Cordero Nicole es la fundadora y alma de Magic Spa, apasionada por el cuidado de la piel y el bienestar integral. Con a\u00f1os de experiencia en est\u00e9tica y terapias de relajaci\u00f3n, su objetivo es crear un espacio [&hellip;]<\/p>\n","protected":false},"author":1,"featured_media":0,"parent":0,"menu_order":0,"comment_status":"closed","ping_status":"closed","template":"","meta":{"content-type":"","footnotes":""},"class_list":["post-1208","page","type-page","status-publish","hentry"],"jetpack_sharing_enabled":true,"_links":{"self":[{"href":"https:\/\/magicspavalle.com\/index.php\/wp-json\/wp\/v2\/pages\/1208","targetHints":{"allow":["GET"]}}],"collection":[{"href":"https:\/\/magicspavalle.com\/index.php\/wp-json\/wp\/v2\/pages"}],"about":[{"href":"https:\/\/magicspavalle.com\/index.php\/wp-json\/wp\/v2\/types\/page"}],"author":[{"embeddable":true,"href":"https:\/\/magicspavalle.com\/index.php\/wp-json\/wp\/v2\/users\/1"}],"replies":[{"embeddable":true,"href":"https:\/\/magicspavalle.com\/index.php\/wp-json\/wp\/v2\/comments?post=1208"}],"version-history":[{"count":25,"href":"https:\/\/magicspavalle.com\/index.php\/wp-json\/wp\/v2\/pages\/1208\/revisions"}],"predecessor-version":[{"id":1250,"href":"https:\/\/magicspavalle.com\/index.php\/wp-json\/wp\/v2\/pages\/1208\/revisions\/1250"}],"wp:attachment":[{"href":"https:\/\/magicspavalle.com\/index.php\/wp-json\/wp\/v2\/media?parent=1208"}],"curies":[{"name":"wp","href":"https:\/\/api.w.org\/{rel}","templated":true}]}}