{"id":1016,"date":"2025-12-13T14:11:44","date_gmt":"2025-12-13T19:11:44","guid":{"rendered":"https:\/\/magicspavalle.com\/?post_type=product&#038;p=1016"},"modified":"2025-12-13T14:18:35","modified_gmt":"2025-12-13T19:18:35","slug":"tonico-facial-iluminador-1-aha-pha-120-ml","status":"publish","type":"product","link":"https:\/\/magicspavalle.com\/index.php\/producto\/tonico-facial-iluminador-1-aha-pha-120-ml\/","title":{"rendered":"T\u00f3nico Facial Iluminador 1% (AHA + PHA) \u2013 120 ml"},"content":{"rendered":"<p data-start=\"1526\" data-end=\"1789\">T\u00f3nico \u00e1cido con un 1% de AHA y PHA que limpia, exfolia suavemente y mejora la luminosidad de la piel. Su f\u00f3rmula con niacinamida y vitamina C ayuda a renovar la epidermis, afinando la textura y aportando frescura sin causar sensibilidad.<\/p>\n","protected":false},"excerpt":{"rendered":"<p>T\u00f3nico exfoliante suave que ilumina y renueva la piel sin irritaci\u00f3n.<\/p>\n","protected":false},"featured_media":1027,"comment_status":"open","ping_status":"closed","template":"","meta":{"content-type":""},"product_brand":[],"product_cat":[74],"product_tag":[],"class_list":{"0":"post-1016","1":"product","2":"type-product","3":"status-publish","4":"has-post-thumbnail","6":"product_cat-vitamina-c-b3-niacinamida","8":"first","9":"instock","10":"shipping-taxable","11":"purchasable","12":"product-type-simple"},"jetpack_sharing_enabled":true,"_links":{"self":[{"href":"https:\/\/magicspavalle.com\/index.php\/wp-json\/wp\/v2\/product\/1016","targetHints":{"allow":["GET"]}}],"collection":[{"href":"https:\/\/magicspavalle.com\/index.php\/wp-json\/wp\/v2\/product"}],"about":[{"href":"https:\/\/magicspavalle.com\/index.php\/wp-json\/wp\/v2\/types\/product"}],"replies":[{"embeddable":true,"href":"https:\/\/magicspavalle.com\/index.php\/wp-json\/wp\/v2\/comments?post=1016"}],"version-history":[{"count":1,"href":"https:\/\/magicspavalle.com\/index.php\/wp-json\/wp\/v2\/product\/1016\/revisions"}],"predecessor-version":[{"id":1017,"href":"https:\/\/magicspavalle.com\/index.php\/wp-json\/wp\/v2\/product\/1016\/revisions\/1017"}],"wp:featuredmedia":[{"embeddable":true,"href":"https:\/\/magicspavalle.com\/index.php\/wp-json\/wp\/v2\/media\/1027"}],"wp:attachment":[{"href":"https:\/\/magicspavalle.com\/index.php\/wp-json\/wp\/v2\/media?parent=1016"}],"wp:term":[{"taxonomy":"product_brand","embeddable":true,"href":"https:\/\/magicspavalle.com\/index.php\/wp-json\/wp\/v2\/product_brand?post=1016"},{"taxonomy":"product_cat","embeddable":true,"href":"https:\/\/magicspavalle.com\/index.php\/wp-json\/wp\/v2\/product_cat?post=1016"},{"taxonomy":"product_tag","embeddable":true,"href":"https:\/\/magicspavalle.com\/index.php\/wp-json\/wp\/v2\/product_tag?post=1016"}],"curies":[{"name":"wp","href":"https:\/\/api.w.org\/{rel}","templated":true}]}}