{"id":1024,"date":"2025-12-13T14:15:23","date_gmt":"2025-12-13T19:15:23","guid":{"rendered":"https:\/\/magicspavalle.com\/?post_type=product&#038;p=1024"},"modified":"2025-12-13T14:21:25","modified_gmt":"2025-12-13T19:21:25","slug":"balsamo-corporal-200-ml","status":"publish","type":"product","link":"https:\/\/magicspavalle.com\/index.php\/producto\/balsamo-corporal-200-ml\/","title":{"rendered":"B\u00e1lsamo Corporal \u2013 200 ml"},"content":{"rendered":"<p data-start=\"1526\" data-end=\"1789\">B\u00e1lsamo corporal de textura ligera que hidrata intensamente y suaviza la piel. Su f\u00f3rmula multivitam\u00ednica mejora la elasticidad y deja la piel nutrida, suave y con una sensaci\u00f3n confortable durante todo el d\u00eda.<\/p>\n","protected":false},"excerpt":{"rendered":"<p>B\u00e1lsamo corporal hidratante que mejora la elasticidad de la piel.<\/p>\n","protected":false},"featured_media":1031,"comment_status":"open","ping_status":"closed","template":"","meta":{"content-type":""},"product_brand":[],"product_cat":[74],"product_tag":[],"class_list":{"0":"post-1024","1":"product","2":"type-product","3":"status-publish","4":"has-post-thumbnail","6":"product_cat-vitamina-c-b3-niacinamida","8":"first","9":"instock","10":"shipping-taxable","11":"purchasable","12":"product-type-simple"},"jetpack_sharing_enabled":true,"_links":{"self":[{"href":"https:\/\/magicspavalle.com\/index.php\/wp-json\/wp\/v2\/product\/1024","targetHints":{"allow":["GET"]}}],"collection":[{"href":"https:\/\/magicspavalle.com\/index.php\/wp-json\/wp\/v2\/product"}],"about":[{"href":"https:\/\/magicspavalle.com\/index.php\/wp-json\/wp\/v2\/types\/product"}],"replies":[{"embeddable":true,"href":"https:\/\/magicspavalle.com\/index.php\/wp-json\/wp\/v2\/comments?post=1024"}],"version-history":[{"count":1,"href":"https:\/\/magicspavalle.com\/index.php\/wp-json\/wp\/v2\/product\/1024\/revisions"}],"predecessor-version":[{"id":1025,"href":"https:\/\/magicspavalle.com\/index.php\/wp-json\/wp\/v2\/product\/1024\/revisions\/1025"}],"wp:featuredmedia":[{"embeddable":true,"href":"https:\/\/magicspavalle.com\/index.php\/wp-json\/wp\/v2\/media\/1031"}],"wp:attachment":[{"href":"https:\/\/magicspavalle.com\/index.php\/wp-json\/wp\/v2\/media?parent=1024"}],"wp:term":[{"taxonomy":"product_brand","embeddable":true,"href":"https:\/\/magicspavalle.com\/index.php\/wp-json\/wp\/v2\/product_brand?post=1024"},{"taxonomy":"product_cat","embeddable":true,"href":"https:\/\/magicspavalle.com\/index.php\/wp-json\/wp\/v2\/product_cat?post=1024"},{"taxonomy":"product_tag","embeddable":true,"href":"https:\/\/magicspavalle.com\/index.php\/wp-json\/wp\/v2\/product_tag?post=1024"}],"curies":[{"name":"wp","href":"https:\/\/api.w.org\/{rel}","templated":true}]}}