{"id":1041,"date":"2025-12-13T15:22:15","date_gmt":"2025-12-13T20:22:15","guid":{"rendered":"https:\/\/magicspavalle.com\/?post_type=product&#038;p=1041"},"modified":"2025-12-13T15:26:57","modified_gmt":"2025-12-13T20:26:57","slug":"tonico-facial-astringente-200-ml","status":"publish","type":"product","link":"https:\/\/magicspavalle.com\/index.php\/producto\/tonico-facial-astringente-200-ml\/","title":{"rendered":"T\u00f3nico Facial Astringente \u2013 200 ml"},"content":{"rendered":"<p data-start=\"3944\" data-end=\"4150\">T\u00f3nico facial con \u00e1cidos org\u00e1nicos de acci\u00f3n exfoliante suave que ayuda a reducir los poros dilatados, controlar el sebo y calmar la piel. Ideal para el uso diario en piel mixta y grasa.<\/p>\n","protected":false},"excerpt":{"rendered":"<p>T\u00f3nico astringente que reduce poros y equilibra la piel grasa.<\/p>\n","protected":false},"featured_media":1042,"comment_status":"open","ping_status":"closed","template":"","meta":{"content-type":""},"product_brand":[],"product_cat":[75],"product_tag":[],"class_list":{"0":"post-1041","1":"product","2":"type-product","3":"status-publish","4":"has-post-thumbnail","6":"product_cat-manuka-tree","8":"first","9":"instock","10":"shipping-taxable","11":"purchasable","12":"product-type-simple"},"jetpack_sharing_enabled":true,"_links":{"self":[{"href":"https:\/\/magicspavalle.com\/index.php\/wp-json\/wp\/v2\/product\/1041","targetHints":{"allow":["GET"]}}],"collection":[{"href":"https:\/\/magicspavalle.com\/index.php\/wp-json\/wp\/v2\/product"}],"about":[{"href":"https:\/\/magicspavalle.com\/index.php\/wp-json\/wp\/v2\/types\/product"}],"replies":[{"embeddable":true,"href":"https:\/\/magicspavalle.com\/index.php\/wp-json\/wp\/v2\/comments?post=1041"}],"version-history":[{"count":1,"href":"https:\/\/magicspavalle.com\/index.php\/wp-json\/wp\/v2\/product\/1041\/revisions"}],"predecessor-version":[{"id":1043,"href":"https:\/\/magicspavalle.com\/index.php\/wp-json\/wp\/v2\/product\/1041\/revisions\/1043"}],"wp:featuredmedia":[{"embeddable":true,"href":"https:\/\/magicspavalle.com\/index.php\/wp-json\/wp\/v2\/media\/1042"}],"wp:attachment":[{"href":"https:\/\/magicspavalle.com\/index.php\/wp-json\/wp\/v2\/media?parent=1041"}],"wp:term":[{"taxonomy":"product_brand","embeddable":true,"href":"https:\/\/magicspavalle.com\/index.php\/wp-json\/wp\/v2\/product_brand?post=1041"},{"taxonomy":"product_cat","embeddable":true,"href":"https:\/\/magicspavalle.com\/index.php\/wp-json\/wp\/v2\/product_cat?post=1041"},{"taxonomy":"product_tag","embeddable":true,"href":"https:\/\/magicspavalle.com\/index.php\/wp-json\/wp\/v2\/product_tag?post=1041"}],"curies":[{"name":"wp","href":"https:\/\/api.w.org\/{rel}","templated":true}]}}