{"id":1054,"date":"2025-12-13T15:29:37","date_gmt":"2025-12-13T20:29:37","guid":{"rendered":"https:\/\/magicspavalle.com\/?post_type=product&#038;p=1054"},"modified":"2025-12-13T15:30:23","modified_gmt":"2025-12-13T20:30:23","slug":"tonico-facial-con-acido-hialuronico-200-ml","status":"publish","type":"product","link":"https:\/\/magicspavalle.com\/index.php\/producto\/tonico-facial-con-acido-hialuronico-200-ml\/","title":{"rendered":"T\u00f3nico Facial con \u00c1cido Hialur\u00f3nico \u2013 200 ml"},"content":{"rendered":"<p data-start=\"5402\" data-end=\"5623\">T\u00f3nico facial enriquecido con \u00e1cido hialur\u00f3nico que hidrata, tonifica y refresca la piel. Ideal para pieles sensibles u opacas que necesitan un extra de hidrataci\u00f3n y confort.<\/p>\n","protected":false},"excerpt":{"rendered":"<p data-start=\"5704\" data-end=\"5779\">T\u00f3nico hidratante que refresca y tonifica la piel.<\/p>\n<p data-start=\"5781\" data-end=\"5981\">\n<p data-start=\"5402\" data-end=\"5623\">\n","protected":false},"featured_media":1055,"comment_status":"open","ping_status":"closed","template":"","meta":{"content-type":""},"product_brand":[],"product_cat":[76],"product_tag":[],"class_list":{"0":"post-1054","1":"product","2":"type-product","3":"status-publish","4":"has-post-thumbnail","6":"product_cat-acai-berry","8":"first","9":"instock","10":"shipping-taxable","11":"purchasable","12":"product-type-simple"},"jetpack_sharing_enabled":true,"_links":{"self":[{"href":"https:\/\/magicspavalle.com\/index.php\/wp-json\/wp\/v2\/product\/1054","targetHints":{"allow":["GET"]}}],"collection":[{"href":"https:\/\/magicspavalle.com\/index.php\/wp-json\/wp\/v2\/product"}],"about":[{"href":"https:\/\/magicspavalle.com\/index.php\/wp-json\/wp\/v2\/types\/product"}],"replies":[{"embeddable":true,"href":"https:\/\/magicspavalle.com\/index.php\/wp-json\/wp\/v2\/comments?post=1054"}],"version-history":[{"count":2,"href":"https:\/\/magicspavalle.com\/index.php\/wp-json\/wp\/v2\/product\/1054\/revisions"}],"predecessor-version":[{"id":1057,"href":"https:\/\/magicspavalle.com\/index.php\/wp-json\/wp\/v2\/product\/1054\/revisions\/1057"}],"wp:featuredmedia":[{"embeddable":true,"href":"https:\/\/magicspavalle.com\/index.php\/wp-json\/wp\/v2\/media\/1055"}],"wp:attachment":[{"href":"https:\/\/magicspavalle.com\/index.php\/wp-json\/wp\/v2\/media?parent=1054"}],"wp:term":[{"taxonomy":"product_brand","embeddable":true,"href":"https:\/\/magicspavalle.com\/index.php\/wp-json\/wp\/v2\/product_brand?post=1054"},{"taxonomy":"product_cat","embeddable":true,"href":"https:\/\/magicspavalle.com\/index.php\/wp-json\/wp\/v2\/product_cat?post=1054"},{"taxonomy":"product_tag","embeddable":true,"href":"https:\/\/magicspavalle.com\/index.php\/wp-json\/wp\/v2\/product_tag?post=1054"}],"curies":[{"name":"wp","href":"https:\/\/api.w.org\/{rel}","templated":true}]}}